{"id":7,"date":"2019-03-06T15:27:14","date_gmt":"2019-03-06T14:27:14","guid":{"rendered":"http:\/\/www.snake-style.org\/WP\/?page_id=7"},"modified":"2025-09-27T11:36:24","modified_gmt":"2025-09-27T09:36:24","slug":"accueil","status":"publish","type":"page","link":"https:\/\/www.snake-style.org\/WP\/","title":{"rendered":"Accueil"},"content":{"rendered":"<p><img loading=\"lazy\" decoding=\"async\" class=\"aligncenter wp-image-78 size-large\" src=\"http:\/\/www.snake-style.org\/WP\/wp-content\/uploads\/2019\/03\/entete-issa-2-1024x216.jpg\" alt=\"\" width=\"1024\" height=\"216\" srcset=\"https:\/\/www.snake-style.org\/WP\/wp-content\/uploads\/2019\/03\/entete-issa-2-1024x216.jpg 1024w, https:\/\/www.snake-style.org\/WP\/wp-content\/uploads\/2019\/03\/entete-issa-2-300x63.jpg 300w, https:\/\/www.snake-style.org\/WP\/wp-content\/uploads\/2019\/03\/entete-issa-2-768x162.jpg 768w, https:\/\/www.snake-style.org\/WP\/wp-content\/uploads\/2019\/03\/entete-issa-2.jpg 1069w\" sizes=\"auto, (max-width: 1024px) 100vw, 1024px\" \/><img loading=\"lazy\" decoding=\"async\" class=\"wp-image-654 size-large aligncenter\" src=\"http:\/\/www.snake-style.org\/WP\/wp-content\/uploads\/2024\/06\/Bob-Boyd-b-678x1024.jpg\" alt=\"\" width=\"678\" height=\"1024\" srcset=\"https:\/\/www.snake-style.org\/WP\/wp-content\/uploads\/2024\/06\/Bob-Boyd-b-678x1024.jpg 678w, https:\/\/www.snake-style.org\/WP\/wp-content\/uploads\/2024\/06\/Bob-Boyd-b-199x300.jpg 199w, https:\/\/www.snake-style.org\/WP\/wp-content\/uploads\/2024\/06\/Bob-Boyd-b-768x1159.jpg 768w, https:\/\/www.snake-style.org\/WP\/wp-content\/uploads\/2024\/06\/Bob-Boyd-b.jpg 1350w\" sizes=\"auto, (max-width: 678px) 100vw, 678px\" \/><\/p>\n<p>On June 21, 2024, our master and friend Bob Boyd, Bao Tak Fa\u00ef, a member of the Yang family, passed away. I salute the man who transmitted, in its essence, this marvellous art, freed from dead ends, and restored to its source, its purity and its origin.<br \/>\nHe loved life<\/p>\n<p>\u00ab\u00a0When two friends meet<br \/>\nlaugh out loud:<br \/>\nIn the grove, dead leaves<br \/>\nare many. \u00a0\u00bb<br \/>\n(Excerpt from La roche verte)<br \/>\nThierry Ba\u00eb &#8211;<br \/>\nBEI Di-Xi<\/p>\n<p>&nbsp;<\/p>\n<h3><span style=\"color: #2666a3;\">INTRODUCTION<\/span><\/h3>\n<h3><span style=\"color: #2666a3;\">A propos de l&rsquo;ISSA\u00a0(Association internationale du Snake Style).<\/span><\/h3>\n<p>&nbsp;<\/p>\n<p>Le Snake Style\u00a0 \u00ab\u00a0style du Serpent\u00a0\u00bb du taiji quan (tai chi chuan) est rest\u00e9 strictement confidentiel au sein du noyau de la famille Yang durant cinq g\u00e9n\u00e9rations.<br \/>\nEn 2001, Robert Boyd fut officiellement adopt\u00e9 dans la famille Ip (5\u00e8me g\u00e9n\u00e9ration de la famille Yang) et commen\u00e7a \u00e0 apprendre cette m\u00e9thode. Trois ans plus tard, Grand Ma\u00eetre Ip Tai Tak lui donna la permission d&rsquo;enseigner et de diffuser le Snake Style.<\/p>\n<p>Depuis lors, ce style grandit lentement mais s\u00fbrement \u00e0 travers l&rsquo;Europe et l&rsquo;Am\u00e9rique du Nord. Pour conserver un niveau d\u2019excellence dans la m\u00e9thode d&rsquo;enseignement du style du serpent, Ma\u00eetre Boyd a cr\u00e9\u00e9 l&rsquo;International Snake Style Association afin de r\u00e9unir les enseignants sous une m\u00eame banni\u00e8re.<\/p>\n<p>ISSA\u00a0est une organisation de professionnels du taiji quan de m\u00eame sensibilit\u00e9 sans qu&rsquo;il y aient de liens contractuels entre ses membres. Mais plut\u00f4t, les membres de l&rsquo;ISSA s&rsquo;engagent simplement\u00a0\u00e0 respecter le code \u00e9thique suivant :<\/p>\n<p>1. L&rsquo;enseignement sera ouvert et int\u00e8gre et consacr\u00e9 \u00e0 \u00e9laborer une m\u00e9thode claire et cr\u00e9ative de transmission des principes de base du style du serpent<br \/>\n2. Les enseignants montreront leur savoir faire de fa\u00e7on ouverte pour que que les \u00e9tudiants aient un support visuel des principes th\u00e9oriques enseign\u00e9s<br \/>\n3. Les enseignants d\u00e9livreront leurs cours du style du serpent \u00e0 tout \u00e9tudiant, sans pr\u00e9requis d&rsquo;une autre forme de taiji quan.<br \/>\n4. Les enseignants doivent traiter leurs \u00e9tudiants avec respect, compassion et \u00eatre attentif \u00e0 leur bien-\u00eatre<br \/>\n5. Les enseignants mettront en avant le fait qu&rsquo;ils sont eux-m\u00eame d&rsquo;abord des \u00e9tudiants, ensuite des enseignants et s&rsquo;engagent \u00e0 leur propre d\u00e9veloppement dans le style du serpent.<br \/>\n6. Les enseignants contribueront \u00e0 la promotion du Bao Tak Fai Tai Chi Institute par des stages semi-annuels dans le projet de faire progresser les \u00e9tudiants dans le style du serpent et de construire une communaut\u00e9 avec les autres membres de l&rsquo;ISSA.<br \/>\n7. Le non respect des r\u00e8gles ci-dessus conduirait \u00e0 une radiation de l&rsquo;ISSA<\/p>\n<p><img loading=\"lazy\" decoding=\"async\" class=\"aligncenter wp-image-353 size-large\" src=\"http:\/\/www.snake-style.org\/WP\/wp-content\/uploads\/2019\/03\/profs-europe-2018-s-1-1024x594.jpg\" alt=\"\" width=\"1024\" height=\"594\" srcset=\"https:\/\/www.snake-style.org\/WP\/wp-content\/uploads\/2019\/03\/profs-europe-2018-s-1-1024x594.jpg 1024w, https:\/\/www.snake-style.org\/WP\/wp-content\/uploads\/2019\/03\/profs-europe-2018-s-1-300x174.jpg 300w, https:\/\/www.snake-style.org\/WP\/wp-content\/uploads\/2019\/03\/profs-europe-2018-s-1-768x445.jpg 768w, https:\/\/www.snake-style.org\/WP\/wp-content\/uploads\/2019\/03\/profs-europe-2018-s-1.jpg 1500w\" sizes=\"auto, (max-width: 1024px) 100vw, 1024px\" \/><\/p>\n<p>&nbsp;<\/p>\n<h3>Seminar 2023<br \/>\nMonday October 30 to Friday November 3<\/h3>\n<p>residential at Site de la Chapelle, Ch\u00e2teauneuf de Gadagne, near Avignon FRANCE<\/p>\n<h6><\/h6>\n<p>&nbsp;<\/p>\n<h4><\/h4>\n<p style=\"text-align: center;\">Le dernier livre de Robert Boyd!<\/p>\n<p><a href=\"https:\/\/www.amazon.com\/dp\/1795513934?ref_=pe_3052080_397514860\"><img loading=\"lazy\" decoding=\"async\" class=\"wp-image-547 size-medium aligncenter\" src=\"http:\/\/www.snake-style.org\/WP\/wp-content\/uploads\/2019\/05\/yang-family-13-principles-1-200x300.jpg\" alt=\"\" width=\"200\" height=\"300\" srcset=\"https:\/\/www.snake-style.org\/WP\/wp-content\/uploads\/2019\/05\/yang-family-13-principles-1-200x300.jpg 200w, https:\/\/www.snake-style.org\/WP\/wp-content\/uploads\/2019\/05\/yang-family-13-principles-1.jpg 333w\" sizes=\"auto, (max-width: 200px) 100vw, 200px\" \/><\/a><\/p>\n<p style=\"text-align: center;\"><span style=\"font-size: 8pt;\"><em>Cliquez sur le livre pour avoir toutes les informations<br \/>\n<\/em><em>Disponible maintenant sur Amazon US et Amazon UK<\/em><\/span><\/p>\n<p>&nbsp;<\/p>\n<p>&nbsp;<\/p>\n<p style=\"text-align: center;\">Un premier livre disponible !<br \/>\nSnake Style Tai Chi Chuan<br \/>\nLe systeme cach\u00e9 de la famille Yang<\/p>\n<p style=\"text-align: center;\"><a href=\"https:\/\/www.amazon.fr\/tai-chi-chuan-Style-Serpent\/dp\/1483914534\"><img loading=\"lazy\" decoding=\"async\" class=\"alignnone wp-image-433 size-medium\" src=\"http:\/\/www.snake-style.org\/WP\/wp-content\/uploads\/2019\/03\/livre-bob-Boyd-fr-1-200x300.jpg\" alt=\"\" width=\"200\" height=\"300\" srcset=\"https:\/\/www.snake-style.org\/WP\/wp-content\/uploads\/2019\/03\/livre-bob-Boyd-fr-1-200x300.jpg 200w, https:\/\/www.snake-style.org\/WP\/wp-content\/uploads\/2019\/03\/livre-bob-Boyd-fr-1.jpg 333w\" sizes=\"auto, (max-width: 200px) 100vw, 200px\" \/><\/a><\/p>\n<p style=\"text-align: center;\"><span style=\"font-size: 8pt;\"><em>Cliquez sur le livre pour avoir toutes les informations<br \/>\n<\/em><em>Disponible maintenant sur Amazon US et Amazon UK<br \/>\n<\/em><em>(existe aussi en Anglais et en Allemand)<\/em><\/span><\/p>\n<div class=\"wp-playlist wp-video-playlist wp-playlist-light\">\n\t\t<video controls=\"controls\" preload=\"none\" width=\"640\"\n\t\t height=\"480\"\t><\/video>\n\t<div class=\"wp-playlist-next\"><\/div>\n\t<div class=\"wp-playlist-prev\"><\/div>\n\t<noscript>\n\t<ol>\n\t\t<li><a href='https:\/\/www.snake-style.org\/WP\/wp-content\/uploads\/2019\/03\/Ip-tai-taf-form.mp4'>Ip Tai Tak form<\/a><\/li>\t<\/ol>\n\t<\/noscript>\n\t<script type=\"application\/json\" class=\"wp-playlist-script\">{\"type\":\"video\",\"tracklist\":true,\"tracknumbers\":true,\"images\":true,\"artists\":true,\"tracks\":[{\"src\":\"https:\/\/www.snake-style.org\/WP\/wp-content\/uploads\/2019\/03\/Ip-tai-taf-form.mp4\",\"type\":\"video\/mp4\",\"title\":\"Ip Tai Tak form\",\"caption\":\"\",\"description\":\"\",\"meta\":{\"length_formatted\":\"1:32\"},\"dimensions\":{\"original\":{\"width\":960,\"height\":720},\"resized\":{\"width\":640,\"height\":480}},\"image\":{\"src\":\"https:\/\/www.snake-style.org\/WP\/wp-includes\/images\/media\/video.svg\",\"width\":48,\"height\":64},\"thumb\":{\"src\":\"https:\/\/www.snake-style.org\/WP\/wp-includes\/images\/media\/video.svg\",\"width\":48,\"height\":64}}]}<\/script>\n<\/div>\n\t\n<p style=\"text-align: center;\">Mtr IP TAI TAK<\/p>\n","protected":false},"excerpt":{"rendered":"<p>On June 21, 2024, our master and friend Bob Boyd, Bao Tak Fa\u00ef, a member of the Yang family, passed [&hellip;]<\/p>\n","protected":false},"author":1,"featured_media":0,"parent":0,"menu_order":0,"comment_status":"closed","ping_status":"closed","template":"","meta":{"site-sidebar-layout":"default","site-content-layout":"","ast-site-content-layout":"default","site-content-style":"default","site-sidebar-style":"default","ast-global-header-display":"","ast-banner-title-visibility":"","ast-main-header-display":"","ast-hfb-above-header-display":"","ast-hfb-below-header-display":"","ast-hfb-mobile-header-display":"","site-post-title":"","ast-breadcrumbs-content":"","ast-featured-img":"","footer-sml-layout":"","theme-transparent-header-meta":"default","adv-header-id-meta":"","stick-header-meta":"","header-above-stick-meta":"","header-main-stick-meta":"","header-below-stick-meta":"","astra-migrate-meta-layouts":"set","ast-page-background-enabled":"default","ast-page-background-meta":{"desktop":{"background-color":"var(--ast-global-color-5)","background-image":"","background-repeat":"repeat","background-position":"center center","background-size":"auto","background-attachment":"scroll","background-type":"","background-media":"","overlay-type":"","overlay-color":"","overlay-opacity":"","overlay-gradient":""},"tablet":{"background-color":"","background-image":"","background-repeat":"repeat","background-position":"center center","background-size":"auto","background-attachment":"scroll","background-type":"","background-media":"","overlay-type":"","overlay-color":"","overlay-opacity":"","overlay-gradient":""},"mobile":{"background-color":"","background-image":"","background-repeat":"repeat","background-position":"center center","background-size":"auto","background-attachment":"scroll","background-type":"","background-media":"","overlay-type":"","overlay-color":"","overlay-opacity":"","overlay-gradient":""}},"ast-content-background-meta":{"desktop":{"background-color":"var(--ast-global-color-4)","background-image":"","background-repeat":"repeat","background-position":"center center","background-size":"auto","background-attachment":"scroll","background-type":"","background-media":"","overlay-type":"","overlay-color":"","overlay-opacity":"","overlay-gradient":""},"tablet":{"background-color":"var(--ast-global-color-4)","background-image":"","background-repeat":"repeat","background-position":"center center","background-size":"auto","background-attachment":"scroll","background-type":"","background-media":"","overlay-type":"","overlay-color":"","overlay-opacity":"","overlay-gradient":""},"mobile":{"background-color":"var(--ast-global-color-4)","background-image":"","background-repeat":"repeat","background-position":"center center","background-size":"auto","background-attachment":"scroll","background-type":"","background-media":"","overlay-type":"","overlay-color":"","overlay-opacity":"","overlay-gradient":""}},"footnotes":""},"class_list":["post-7","page","type-page","status-publish","hentry"],"_links":{"self":[{"href":"https:\/\/www.snake-style.org\/WP\/wp-json\/wp\/v2\/pages\/7","targetHints":{"allow":["GET"]}}],"collection":[{"href":"https:\/\/www.snake-style.org\/WP\/wp-json\/wp\/v2\/pages"}],"about":[{"href":"https:\/\/www.snake-style.org\/WP\/wp-json\/wp\/v2\/types\/page"}],"author":[{"embeddable":true,"href":"https:\/\/www.snake-style.org\/WP\/wp-json\/wp\/v2\/users\/1"}],"replies":[{"embeddable":true,"href":"https:\/\/www.snake-style.org\/WP\/wp-json\/wp\/v2\/comments?post=7"}],"version-history":[{"count":65,"href":"https:\/\/www.snake-style.org\/WP\/wp-json\/wp\/v2\/pages\/7\/revisions"}],"predecessor-version":[{"id":686,"href":"https:\/\/www.snake-style.org\/WP\/wp-json\/wp\/v2\/pages\/7\/revisions\/686"}],"wp:attachment":[{"href":"https:\/\/www.snake-style.org\/WP\/wp-json\/wp\/v2\/media?parent=7"}],"curies":[{"name":"wp","href":"https:\/\/api.w.org\/{rel}","templated":true}]}}