{"id":274,"date":"2019-03-11T08:43:25","date_gmt":"2019-03-11T07:43:25","guid":{"rendered":"http:\/\/www.snake-style.org\/WP\/?page_id=274"},"modified":"2025-09-27T11:42:31","modified_gmt":"2025-09-27T09:42:31","slug":"discyple","status":"publish","type":"page","link":"https:\/\/www.snake-style.org\/WP\/discyple\/","title":{"rendered":"Discyple"},"content":{"rendered":"<p><span style=\"color: #2666a3;\"><strong>Thierry Bae<\/strong><\/span> jest znanym na ca\u0142ym \u015bwiecie tancerzem i choreografem ta\u0144ca wsp\u00f3\u0142czesnego, jest znany r\u00f3wnie\u017c jaku doskona\u0142y praktyk i nauczyciel Tai Chi Chuan z trzydziestoletnim do\u015bwiadczeniem w tej dziedzinie.<\/p>\n<p>Po tym jak styl w\u0119\u017ca zosta\u0142 wprowadzony przez Robeta Boyd&rsquo;a do Europy Thiery Bae z zaanga\u017cowaniem rozpocz\u0105\u0142 praktyk\u0119 tego oryginalnego stylu i \u00ab\u00a0metody\u00a0\u00bb rodziny Yang, i zobowi\u0105za\u0142 si\u0119 do uczenia ca\u0142ego systemu, jak tego naucza\u0142 Mistrz Ip Tai Tak.<\/p>\n<p>W uznaniu jego umiej\u0119tno\u015bci, charakteru, uczciwo\u015bci i przywi\u0105zania do stylu w\u0119\u017ca zosta\u0142 przez Roberta Boyd&rsquo;a przyj\u0119ty jako Pierwszy Discyple w maju 2011.<\/p>\n<p><img loading=\"lazy\" decoding=\"async\" class=\"size-medium wp-image-22 aligncenter\" src=\"http:\/\/www.snake-style.org\/WP\/wp-content\/uploads\/2019\/03\/boyd-bae-ceremonie-du-the-300x200.jpg\" alt=\"\" width=\"300\" height=\"200\" srcset=\"https:\/\/www.snake-style.org\/WP\/wp-content\/uploads\/2019\/03\/boyd-bae-ceremonie-du-the-300x200.jpg 300w, https:\/\/www.snake-style.org\/WP\/wp-content\/uploads\/2019\/03\/boyd-bae-ceremonie-du-the.jpg 600w\" sizes=\"auto, (max-width: 300px) 100vw, 300px\" \/><\/p>\n","protected":false},"excerpt":{"rendered":"<p>Thierry Bae jest znanym na ca\u0142ym \u015bwiecie tancerzem i choreografem ta\u0144ca wsp\u00f3\u0142czesnego, jest znany r\u00f3wnie\u017c jaku doskona\u0142y praktyk i nauczyciel [&hellip;]<\/p>\n","protected":false},"author":1,"featured_media":0,"parent":0,"menu_order":0,"comment_status":"closed","ping_status":"closed","template":"","meta":{"site-sidebar-layout":"default","site-content-layout":"","ast-site-content-layout":"default","site-content-style":"default","site-sidebar-style":"default","ast-global-header-display":"","ast-banner-title-visibility":"","ast-main-header-display":"","ast-hfb-above-header-display":"","ast-hfb-below-header-display":"","ast-hfb-mobile-header-display":"","site-post-title":"","ast-breadcrumbs-content":"","ast-featured-img":"","footer-sml-layout":"","theme-transparent-header-meta":"default","adv-header-id-meta":"","stick-header-meta":"","header-above-stick-meta":"","header-main-stick-meta":"","header-below-stick-meta":"","astra-migrate-meta-layouts":"set","ast-page-background-enabled":"default","ast-page-background-meta":{"desktop":{"background-color":"var(--ast-global-color-5)","background-image":"","background-repeat":"repeat","background-position":"center center","background-size":"auto","background-attachment":"scroll","background-type":"","background-media":"","overlay-type":"","overlay-color":"","overlay-opacity":"","overlay-gradient":""},"tablet":{"background-color":"","background-image":"","background-repeat":"repeat","background-position":"center center","background-size":"auto","background-attachment":"scroll","background-type":"","background-media":"","overlay-type":"","overlay-color":"","overlay-opacity":"","overlay-gradient":""},"mobile":{"background-color":"","background-image":"","background-repeat":"repeat","background-position":"center center","background-size":"auto","background-attachment":"scroll","background-type":"","background-media":"","overlay-type":"","overlay-color":"","overlay-opacity":"","overlay-gradient":""}},"ast-content-background-meta":{"desktop":{"background-color":"var(--ast-global-color-4)","background-image":"","background-repeat":"repeat","background-position":"center center","background-size":"auto","background-attachment":"scroll","background-type":"","background-media":"","overlay-type":"","overlay-color":"","overlay-opacity":"","overlay-gradient":""},"tablet":{"background-color":"var(--ast-global-color-4)","background-image":"","background-repeat":"repeat","background-position":"center center","background-size":"auto","background-attachment":"scroll","background-type":"","background-media":"","overlay-type":"","overlay-color":"","overlay-opacity":"","overlay-gradient":""},"mobile":{"background-color":"var(--ast-global-color-4)","background-image":"","background-repeat":"repeat","background-position":"center center","background-size":"auto","background-attachment":"scroll","background-type":"","background-media":"","overlay-type":"","overlay-color":"","overlay-opacity":"","overlay-gradient":""}},"footnotes":""},"class_list":["post-274","page","type-page","status-publish","hentry"],"_links":{"self":[{"href":"https:\/\/www.snake-style.org\/WP\/wp-json\/wp\/v2\/pages\/274","targetHints":{"allow":["GET"]}}],"collection":[{"href":"https:\/\/www.snake-style.org\/WP\/wp-json\/wp\/v2\/pages"}],"about":[{"href":"https:\/\/www.snake-style.org\/WP\/wp-json\/wp\/v2\/types\/page"}],"author":[{"embeddable":true,"href":"https:\/\/www.snake-style.org\/WP\/wp-json\/wp\/v2\/users\/1"}],"replies":[{"embeddable":true,"href":"https:\/\/www.snake-style.org\/WP\/wp-json\/wp\/v2\/comments?post=274"}],"version-history":[{"count":5,"href":"https:\/\/www.snake-style.org\/WP\/wp-json\/wp\/v2\/pages\/274\/revisions"}],"predecessor-version":[{"id":693,"href":"https:\/\/www.snake-style.org\/WP\/wp-json\/wp\/v2\/pages\/274\/revisions\/693"}],"wp:attachment":[{"href":"https:\/\/www.snake-style.org\/WP\/wp-json\/wp\/v2\/media?parent=274"}],"curies":[{"name":"wp","href":"https:\/\/api.w.org\/{rel}","templated":true}]}}