{"id":261,"date":"2019-03-10T15:27:56","date_gmt":"2019-03-10T14:27:56","guid":{"rendered":"http:\/\/www.snake-style.org\/WP\/?page_id=261"},"modified":"2025-09-27T12:10:04","modified_gmt":"2025-09-27T10:10:04","slug":"style-rodziny-ip","status":"publish","type":"page","link":"https:\/\/www.snake-style.org\/WP\/style-rodziny-ip\/","title":{"rendered":"Style Rodziny Ip"},"content":{"rendered":"<p>&nbsp;<\/p>\n<p><img loading=\"lazy\" decoding=\"async\" class=\"size-full wp-image-203 alignright\" src=\"http:\/\/www.snake-style.org\/WP\/wp-content\/uploads\/2019\/03\/Ip-tai-tak.jpg\" alt=\"\" width=\"200\" height=\"282\" \/><\/p>\n<h3><span style=\"color: #2666a3;\">Witamy w Tai Chi Chuan &#8211; Snake Style Rodziny Ip<\/span><\/h3>\n<p>Mistrz Ip Tai Tak zosta\u0142 przyj\u0119ty przez Wielkiego Mistrza Yang Sau Chung&rsquo;a na ucznia i zosta\u0142 w 1958 roku adoptowany i przyj\u0119ty do rodziny Yang jako \u00ab\u00a0pierwszy ucze\u0144\u00a0\u00bb (Disciple) i spadkobierca systemu. Mistrz uczy\u0142 go rodzinnego systemu Tai Chi Styl W\u0119\u017ca (Yang Family&rsquo;s Snake System) jako swojego asystenta przez nast\u0119pne 28 lat.<\/p>\n<p>Mistrz Ip powiedzia\u0142 mi, \u017ce Yang Chen Fu nauczy\u0142 stylu w\u0119\u017ca tylko swojego najstarszego syna, Yang Sau Chung&rsquo;a, i \u017ce Yang Sau Chung przekaza\u0142 ten system tylko jemu. Mistrz Ip nauczy\u0142 mnie tego systemu, po tym jak zosta\u0142em jego uczniem Disciple w 2001 roku.<\/p>\n<p>Mistrz Ip zmieni\u0142 system, dodaj\u0105c r\u00f3\u017cne \u0107wiczenia, \u0107wiczenia ze sztuk walki, zgodnie z nauk\u0105 jak\u0105 mu przekaza\u0142 jego Mistrz. Prowadzi\u0142 badania r\u00f3\u017cnych system\u00f3w sztuk walki i doprowadzi\u0142, ze swoim Mistrzem, do rozwoju i poszerzenia systemu Zhan Zhong, czyli struktury pozycji. Mistrz Yang da\u0142 r\u00f3wnie\u017c Mistrzowi Ip pozwolenie, a\u017ceby zindywidualizowa\u0107 D\u0142ug\u0105 Pi\u0119\u015b\u0107 Rodziny Yang oraz formy z broni\u0105, zgodnie z uznaniem i preferencjami Mistrza Ip.<\/p>\n<p>Przed \u015bmierci\u0105, Mistrz Ip da\u0142 mi pozwolenie, aby uczy\u0107 Stylu W\u0119\u017ca otwarcie, zach\u0119ca\u0142 mnie, by naucza\u0107 na ca\u0142ym \u015bwiecie. To sta\u0142o si\u0119 moj\u0105 misj\u0105, jako jego Disciple. Jest to dla mnie wielkim honorem \u017ce mog\u0119 przekazywa\u0107 t\u0105 spu\u015bcizn\u0119 wraz z ca\u0142\u0105 odmienno\u015bci\u0105 tego systemu od innych metod stylu Yang. Czuje si\u0119 zaszczycony i dumny, \u017ce mog\u0119 przekaza\u0107 stworzone i w pe\u0142ni kszta\u0142towe Tai Chi Chuan Rodziny Ip (jako Styl W\u0119\u017ca Rodziny Yang).<\/p>\n<p>Szczerze Oddany,<br \/>\nBao Tak Fai (Bob Boyd)<\/p>\n","protected":false},"excerpt":{"rendered":"<p>&nbsp; Witamy w Tai Chi Chuan &#8211; Snake Style Rodziny Ip Mistrz Ip Tai Tak zosta\u0142 przyj\u0119ty przez Wielkiego Mistrza [&hellip;]<\/p>\n","protected":false},"author":1,"featured_media":0,"parent":0,"menu_order":0,"comment_status":"closed","ping_status":"closed","template":"","meta":{"site-sidebar-layout":"default","site-content-layout":"","ast-site-content-layout":"default","site-content-style":"default","site-sidebar-style":"default","ast-global-header-display":"","ast-banner-title-visibility":"","ast-main-header-display":"","ast-hfb-above-header-display":"","ast-hfb-below-header-display":"","ast-hfb-mobile-header-display":"","site-post-title":"","ast-breadcrumbs-content":"","ast-featured-img":"","footer-sml-layout":"","theme-transparent-header-meta":"default","adv-header-id-meta":"","stick-header-meta":"","header-above-stick-meta":"","header-main-stick-meta":"","header-below-stick-meta":"","astra-migrate-meta-layouts":"set","ast-page-background-enabled":"default","ast-page-background-meta":{"desktop":{"background-color":"var(--ast-global-color-5)","background-image":"","background-repeat":"repeat","background-position":"center center","background-size":"auto","background-attachment":"scroll","background-type":"","background-media":"","overlay-type":"","overlay-color":"","overlay-opacity":"","overlay-gradient":""},"tablet":{"background-color":"","background-image":"","background-repeat":"repeat","background-position":"center center","background-size":"auto","background-attachment":"scroll","background-type":"","background-media":"","overlay-type":"","overlay-color":"","overlay-opacity":"","overlay-gradient":""},"mobile":{"background-color":"","background-image":"","background-repeat":"repeat","background-position":"center center","background-size":"auto","background-attachment":"scroll","background-type":"","background-media":"","overlay-type":"","overlay-color":"","overlay-opacity":"","overlay-gradient":""}},"ast-content-background-meta":{"desktop":{"background-color":"var(--ast-global-color-4)","background-image":"","background-repeat":"repeat","background-position":"center center","background-size":"auto","background-attachment":"scroll","background-type":"","background-media":"","overlay-type":"","overlay-color":"","overlay-opacity":"","overlay-gradient":""},"tablet":{"background-color":"var(--ast-global-color-4)","background-image":"","background-repeat":"repeat","background-position":"center center","background-size":"auto","background-attachment":"scroll","background-type":"","background-media":"","overlay-type":"","overlay-color":"","overlay-opacity":"","overlay-gradient":""},"mobile":{"background-color":"var(--ast-global-color-4)","background-image":"","background-repeat":"repeat","background-position":"center center","background-size":"auto","background-attachment":"scroll","background-type":"","background-media":"","overlay-type":"","overlay-color":"","overlay-opacity":"","overlay-gradient":""}},"footnotes":""},"class_list":["post-261","page","type-page","status-publish","hentry"],"_links":{"self":[{"href":"https:\/\/www.snake-style.org\/WP\/wp-json\/wp\/v2\/pages\/261","targetHints":{"allow":["GET"]}}],"collection":[{"href":"https:\/\/www.snake-style.org\/WP\/wp-json\/wp\/v2\/pages"}],"about":[{"href":"https:\/\/www.snake-style.org\/WP\/wp-json\/wp\/v2\/types\/page"}],"author":[{"embeddable":true,"href":"https:\/\/www.snake-style.org\/WP\/wp-json\/wp\/v2\/users\/1"}],"replies":[{"embeddable":true,"href":"https:\/\/www.snake-style.org\/WP\/wp-json\/wp\/v2\/comments?post=261"}],"version-history":[{"count":5,"href":"https:\/\/www.snake-style.org\/WP\/wp-json\/wp\/v2\/pages\/261\/revisions"}],"predecessor-version":[{"id":719,"href":"https:\/\/www.snake-style.org\/WP\/wp-json\/wp\/v2\/pages\/261\/revisions\/719"}],"wp:attachment":[{"href":"https:\/\/www.snake-style.org\/WP\/wp-json\/wp\/v2\/media?parent=261"}],"curies":[{"name":"wp","href":"https:\/\/api.w.org\/{rel}","templated":true}]}}