{"id":253,"date":"2019-03-10T15:06:49","date_gmt":"2019-03-10T14:06:49","guid":{"rendered":"http:\/\/www.snake-style.org\/WP\/?page_id=253"},"modified":"2025-09-27T11:48:46","modified_gmt":"2025-09-27T09:48:46","slug":"home-pl","status":"publish","type":"page","link":"https:\/\/www.snake-style.org\/WP\/home-pl\/","title":{"rendered":"Home-pl"},"content":{"rendered":"<p><img loading=\"lazy\" decoding=\"async\" class=\"aligncenter wp-image-78 size-large\" src=\"http:\/\/www.snake-style.org\/WP\/wp-content\/uploads\/2019\/03\/entete-issa-2-1024x216.jpg\" alt=\"\" width=\"1024\" height=\"216\" srcset=\"https:\/\/www.snake-style.org\/WP\/wp-content\/uploads\/2019\/03\/entete-issa-2-1024x216.jpg 1024w, https:\/\/www.snake-style.org\/WP\/wp-content\/uploads\/2019\/03\/entete-issa-2-300x63.jpg 300w, https:\/\/www.snake-style.org\/WP\/wp-content\/uploads\/2019\/03\/entete-issa-2-768x162.jpg 768w, https:\/\/www.snake-style.org\/WP\/wp-content\/uploads\/2019\/03\/entete-issa-2.jpg 1069w\" sizes=\"auto, (max-width: 1024px) 100vw, 1024px\" \/><\/p>\n<h3><span style=\"color: #2666a3;\">ISSA g\u0142\u00f3wne za\u0142o\u017cenia<\/span><\/h3>\n<p>&nbsp;<\/p>\n<p>Tai chi chuan Styl W\u0119\u017ca by\u0142 praktykowany i utrzymywany w tajemnicy w rodzinie Yang przez pi\u0119\u0107 pokole\u0144. W 2001 roku Robert Boyd zosta\u0142 oficjalnie przyj\u0119ty do rodziny IP (pi\u0105te pokolenie rodziny Yang) i zacz\u0105\u0142 uczy\u0107 si\u0119 tego systemu. Trzy lata p\u00f3\u017aniej, Mistrz Ip Tai Tak w Hong Kongu nada\u0142 Robertowi Boyd\u2019owi uprawnienia do nauczania stylu w\u0119\u017ca bez zachowania tajemnicy rodziny Yang.<br \/>\nOd tego czasu styl w\u0119\u017ca powoli rozprzestrzenia si\u0119 nie tylko w Europie ale i Ameryce P\u00f3\u0142nocnej. Aby utrzyma\u0107 wysoki poziom przekazywania wiedzy i umiej\u0119tno\u015bci oraz w\u0142a\u015bciwej metodologii nauczania stylu w\u0119\u017ca, Mistrz Boyd za\u0142o\u017cy\u0142 Mi\u0119dzynarodowe Stowarzyszenie Styl W\u0119\u017ca ISSA w celu zjednoczenia wszystkich nauczycieli tego stylu.<br \/>\n<span style=\"color: #2666a3;\"><strong>ISSA<\/strong><\/span> jest organizacj\u0105 skupiaj\u0105c\u0105 osoby o wysokich kwalifikacjach lecz bez oczekiwa\u0144 \u015bcis\u0142ych formalnych powi\u0105za\u0144 i podleg\u0142o\u015bci. Wszyscy cz\u0142onkowie ISSA s\u0105 zach\u0119cani do przestrzegania poni\u017cszego kodeksu etyki:<\/p>\n<p>1. Nauczanie b\u0119dzie przebiega\u0107 w spos\u00f3b otwarty, szczery i oddany, b\u0119dzie tworzy\u0107 jasne i kreatywne metody przekazywania podstawowych zasad tai chi chuan Stylu W\u0119\u017ca.<\/p>\n<p>2. Nauczyciele b\u0119d\u0105 otwarcie demonstrowali swoje umiej\u0119tno\u015bci tak, \u017ceby studenci mogli zobaczy\u0107 za\u0142o\u017cenia stylu, i w teorii, i w praktyce, tak by \u0142atwo si\u0119 ich nauczy\u0107.<\/p>\n<p>3. Nauczyciele b\u0119d\u0105 przekazywa\u0107 swoj\u0105 wiedz\u0119 i praktyczne umiej\u0119tno\u015bci wszystkim zainteresowanym uczestnikom szkole\u0144 bez \u017cadnych warunk\u00f3w wst\u0119pnych zwi\u0105zanych z zaawansowaniem czy ich umiej\u0119tno\u015bciami.<\/p>\n<p>4. Nauczyciele b\u0119d\u0119 traktowa\u0107 uczni\u00f3w z szacunkiem, zrozumieniem i trosk\u0105 o ich dobre samopoczucie.<\/p>\n<p>5. Nauczyciele uznaj\u0105 fakt, \u017ce oni sami te\u017c si\u0119 ucz\u0105 a dopiero potem s\u0105 nauczycielami i jako nauczyciele s\u0105 zobowi\u0105zani do rozwijania w\u0142asnych umiej\u0119tno\u015bci w tai chi stylu w\u0119\u017ca.<\/p>\n<p>6. Nauczyciele b\u0119d\u0105 przyczynia\u0107 si\u0119 do rozwoju Instytutu Bao Tak Fai Tai Chi przez udzia\u0142, dwa razy do roku, w seminariach, traktowanych jako \u015brodek rozwoju i poprawy ich umiej\u0119tno\u015bci w tai chi styl w\u0119\u017ca i budowania wsp\u00f3lnoty z innymi cz\u0142onkami ISSA.<\/p>\n<p>7. Naruszenie powy\u017cszego kodeksu post\u0119powania mo\u017ce prowadzi\u0107 do wydalenia z ISSA.<\/p>\n<p><img loading=\"lazy\" decoding=\"async\" class=\"aligncenter wp-image-353 size-large\" src=\"http:\/\/www.snake-style.org\/WP\/wp-content\/uploads\/2019\/03\/profs-europe-2018-s-1-1024x594.jpg\" alt=\"\" width=\"1024\" height=\"594\" srcset=\"https:\/\/www.snake-style.org\/WP\/wp-content\/uploads\/2019\/03\/profs-europe-2018-s-1-1024x594.jpg 1024w, https:\/\/www.snake-style.org\/WP\/wp-content\/uploads\/2019\/03\/profs-europe-2018-s-1-300x174.jpg 300w, https:\/\/www.snake-style.org\/WP\/wp-content\/uploads\/2019\/03\/profs-europe-2018-s-1-768x445.jpg 768w, https:\/\/www.snake-style.org\/WP\/wp-content\/uploads\/2019\/03\/profs-europe-2018-s-1.jpg 1500w\" sizes=\"auto, (max-width: 1024px) 100vw, 1024px\" \/><\/p>\n<p>&nbsp;<\/p>\n<h3>Seminar 2023<br \/>\nMonday October 30 to Friday November 3<\/h3>\n<p>residential at Site de la Chapelle, Ch\u00e2teauneuf de Gadagne, near Avignon FRANCE<\/p>\n<p>&nbsp;<\/p>\n<h5><a href=\"http:\/\/hua-bae.fr\/avec-bob-boyd\/\" target=\"_blank\" rel=\"noopener noreferrer\">Kliknij na zdj\u0119cie, aby zobaczy\u0107 informacje, cen\u0119 i z\u0142o\u017cy\u0107 zam\u00f3wienie<\/a><\/h5>\n<p>&nbsp;<\/p>\n<p><a href=\"http:\/\/hua-bae.fr\/avec-bob-boyd\/\" target=\"_blank\" rel=\"noopener noreferrer\"><img loading=\"lazy\" decoding=\"async\" class=\"aligncenter wp-image-251 size-medium\" src=\"http:\/\/www.ipfamilytaichi.org\/WP\/wp-content\/uploads\/2019\/12\/Bob-Boyd-2019-300x290.jpg\" alt=\"Bob Boyd \" width=\"300\" height=\"290\" \/><\/a><\/p>\n<p>&nbsp;<\/p>\n<p>&nbsp;<\/p>\n<p style=\"text-align: center;\">New Book available now !<a href=\"https:\/\/www.amazon.com\/dp\/1795513934?ref_=pe_3052080_397514860\"><img loading=\"lazy\" decoding=\"async\" class=\"aligncenter wp-image-547 size-medium\" src=\"http:\/\/www.snake-style.org\/WP\/wp-content\/uploads\/2019\/05\/yang-family-13-principles-1-200x300.jpg\" alt=\"\" width=\"200\" height=\"300\" srcset=\"https:\/\/www.snake-style.org\/WP\/wp-content\/uploads\/2019\/05\/yang-family-13-principles-1-200x300.jpg 200w, https:\/\/www.snake-style.org\/WP\/wp-content\/uploads\/2019\/05\/yang-family-13-principles-1.jpg 333w\" sizes=\"auto, (max-width: 200px) 100vw, 200px\" \/><\/a>\u00a0<span style=\"font-size: 8pt;\">Click on the book image to see information, price and order<\/span><\/p>\n<p style=\"text-align: center;\">Snake Style Tai Chi Chuan<br \/>\nThe Hidden System of the Yang Family<\/p>\n<h5 style=\"text-align: center;\"><a href=\"http:\/\/www.amazon.com\/Snake-Style-Tai-Chi-Chuan\/dp\/1460932471\/ref=sr_1_1?ie=UTF8&amp;qid=1424705230&amp;sr=8-1&amp;keywords=snake+style+tai+chi+chuan\"><img loading=\"lazy\" decoding=\"async\" class=\"alignnone wp-image-426 size-full\" src=\"http:\/\/www.snake-style.org\/WP\/wp-content\/uploads\/2019\/03\/livre-bob-Boyd.jpg\" alt=\"Snake style Book\" width=\"195\" height=\"294\" \/><\/a><\/h5>\n<p style=\"text-align: center;\"><span style=\"font-size: 8pt;\">Click on the book image to see information, price and order<\/span><\/p>\n<p style=\"text-align: center;\"><span style=\"font-size: 8pt;\">Now available on Amazon US and Amazon UK<\/span><\/p>\n<p style=\"text-align: center;\"><span style=\"font-size: 8pt;\">(available also in french and german)<\/span><\/p>\n<div class=\"wp-playlist wp-video-playlist wp-playlist-light\">\n\t\t<video controls=\"controls\" preload=\"none\" width=\"640\"\n\t\t height=\"480\"\t><\/video>\n\t<div class=\"wp-playlist-next\"><\/div>\n\t<div class=\"wp-playlist-prev\"><\/div>\n\t<noscript>\n\t<ol>\n\t\t<li><a href='https:\/\/www.snake-style.org\/WP\/wp-content\/uploads\/2019\/03\/Ip-tai-taf-form.mp4'>Ip Tai Tak form<\/a><\/li>\t<\/ol>\n\t<\/noscript>\n\t<script type=\"application\/json\" class=\"wp-playlist-script\">{\"type\":\"video\",\"tracklist\":true,\"tracknumbers\":true,\"images\":true,\"artists\":true,\"tracks\":[{\"src\":\"https:\/\/www.snake-style.org\/WP\/wp-content\/uploads\/2019\/03\/Ip-tai-taf-form.mp4\",\"type\":\"video\/mp4\",\"title\":\"Ip Tai Tak form\",\"caption\":\"\",\"description\":\"\",\"meta\":{\"length_formatted\":\"1:32\"},\"dimensions\":{\"original\":{\"width\":960,\"height\":720},\"resized\":{\"width\":640,\"height\":480}},\"image\":{\"src\":\"https:\/\/www.snake-style.org\/WP\/wp-includes\/images\/media\/video.svg\",\"width\":48,\"height\":64},\"thumb\":{\"src\":\"https:\/\/www.snake-style.org\/WP\/wp-includes\/images\/media\/video.svg\",\"width\":48,\"height\":64}}]}<\/script>\n<\/div>\n\t\n<p style=\"text-align: center;\">Mtr IP TAI TAK<\/p>\n","protected":false},"excerpt":{"rendered":"<p>ISSA g\u0142\u00f3wne za\u0142o\u017cenia &nbsp; Tai chi chuan Styl W\u0119\u017ca by\u0142 praktykowany i utrzymywany w tajemnicy w rodzinie Yang przez pi\u0119\u0107 [&hellip;]<\/p>\n","protected":false},"author":1,"featured_media":0,"parent":0,"menu_order":0,"comment_status":"closed","ping_status":"closed","template":"","meta":{"site-sidebar-layout":"default","site-content-layout":"","ast-site-content-layout":"default","site-content-style":"default","site-sidebar-style":"default","ast-global-header-display":"","ast-banner-title-visibility":"","ast-main-header-display":"","ast-hfb-above-header-display":"","ast-hfb-below-header-display":"","ast-hfb-mobile-header-display":"","site-post-title":"","ast-breadcrumbs-content":"","ast-featured-img":"","footer-sml-layout":"","theme-transparent-header-meta":"default","adv-header-id-meta":"","stick-header-meta":"","header-above-stick-meta":"","header-main-stick-meta":"","header-below-stick-meta":"","astra-migrate-meta-layouts":"set","ast-page-background-enabled":"default","ast-page-background-meta":{"desktop":{"background-color":"var(--ast-global-color-5)","background-image":"","background-repeat":"repeat","background-position":"center center","background-size":"auto","background-attachment":"scroll","background-type":"","background-media":"","overlay-type":"","overlay-color":"","overlay-opacity":"","overlay-gradient":""},"tablet":{"background-color":"","background-image":"","background-repeat":"repeat","background-position":"center center","background-size":"auto","background-attachment":"scroll","background-type":"","background-media":"","overlay-type":"","overlay-color":"","overlay-opacity":"","overlay-gradient":""},"mobile":{"background-color":"","background-image":"","background-repeat":"repeat","background-position":"center center","background-size":"auto","background-attachment":"scroll","background-type":"","background-media":"","overlay-type":"","overlay-color":"","overlay-opacity":"","overlay-gradient":""}},"ast-content-background-meta":{"desktop":{"background-color":"var(--ast-global-color-4)","background-image":"","background-repeat":"repeat","background-position":"center center","background-size":"auto","background-attachment":"scroll","background-type":"","background-media":"","overlay-type":"","overlay-color":"","overlay-opacity":"","overlay-gradient":""},"tablet":{"background-color":"var(--ast-global-color-4)","background-image":"","background-repeat":"repeat","background-position":"center center","background-size":"auto","background-attachment":"scroll","background-type":"","background-media":"","overlay-type":"","overlay-color":"","overlay-opacity":"","overlay-gradient":""},"mobile":{"background-color":"var(--ast-global-color-4)","background-image":"","background-repeat":"repeat","background-position":"center center","background-size":"auto","background-attachment":"scroll","background-type":"","background-media":"","overlay-type":"","overlay-color":"","overlay-opacity":"","overlay-gradient":""}},"footnotes":""},"class_list":["post-253","page","type-page","status-publish","hentry"],"_links":{"self":[{"href":"https:\/\/www.snake-style.org\/WP\/wp-json\/wp\/v2\/pages\/253","targetHints":{"allow":["GET"]}}],"collection":[{"href":"https:\/\/www.snake-style.org\/WP\/wp-json\/wp\/v2\/pages"}],"about":[{"href":"https:\/\/www.snake-style.org\/WP\/wp-json\/wp\/v2\/types\/page"}],"author":[{"embeddable":true,"href":"https:\/\/www.snake-style.org\/WP\/wp-json\/wp\/v2\/users\/1"}],"replies":[{"embeddable":true,"href":"https:\/\/www.snake-style.org\/WP\/wp-json\/wp\/v2\/comments?post=253"}],"version-history":[{"count":22,"href":"https:\/\/www.snake-style.org\/WP\/wp-json\/wp\/v2\/pages\/253\/revisions"}],"predecessor-version":[{"id":701,"href":"https:\/\/www.snake-style.org\/WP\/wp-json\/wp\/v2\/pages\/253\/revisions\/701"}],"wp:attachment":[{"href":"https:\/\/www.snake-style.org\/WP\/wp-json\/wp\/v2\/media?parent=253"}],"curies":[{"name":"wp","href":"https:\/\/api.w.org\/{rel}","templated":true}]}}