{"id":21,"date":"2019-03-06T17:07:13","date_gmt":"2019-03-06T16:07:13","guid":{"rendered":"http:\/\/www.snake-style.org\/WP\/?page_id=21"},"modified":"2025-09-29T11:27:37","modified_gmt":"2025-09-29T09:27:37","slug":"disciple-fr","status":"publish","type":"page","link":"https:\/\/www.snake-style.org\/WP\/disciple-fr\/","title":{"rendered":"Disciple-fr"},"content":{"rendered":"<h3><span style=\"color: #2666a3;\">Thierry Bae , premier disciple.<br \/>\n<\/span><\/h3>\n<p>danseur-chor\u00e9graphe contemporain, reconnu internationalement, est aussi un pratiquant accompli et un enseignant de taiji quan depuis plus de trente ans.<br \/>\nApr\u00e8s qu&rsquo;il eut \u00e9t\u00e9 initi\u00e9 au Snake Style, il a reconnu celui-ci comme le taiji quan originel de la famille Yang et s&rsquo;est engag\u00e9 \u00e0 apprendre la m\u00e9thode compl\u00e8te telle qu&rsquo;elle a \u00e9t\u00e9 enseign\u00e9e par le Grand Ma\u00eetre Ip Tai Tak. Ses capacit\u00e9s, sa personnalit\u00e9, son int\u00e9grit\u00e9 et son d\u00e9vouement au Snake Style m&rsquo;ont conduit \u00e0 l&rsquo;accepter comme Premier Disciple en Mai 2011<\/p>\n<p>Bao Tak Fai<\/p>\n<p>&nbsp;<\/p>\n<p><img loading=\"lazy\" decoding=\"async\" class=\"size-medium wp-image-22 aligncenter\" src=\"http:\/\/www.snake-style.org\/WP\/wp-content\/uploads\/2019\/03\/boyd-bae-ceremonie-du-the-300x200.jpg\" alt=\"\" width=\"300\" height=\"200\" srcset=\"https:\/\/www.snake-style.org\/WP\/wp-content\/uploads\/2019\/03\/boyd-bae-ceremonie-du-the-300x200.jpg 300w, https:\/\/www.snake-style.org\/WP\/wp-content\/uploads\/2019\/03\/boyd-bae-ceremonie-du-the.jpg 600w\" sizes=\"auto, (max-width: 300px) 100vw, 300px\" \/><\/p>\n<h3><span style=\"color: #2666a3;\">Orit Callcut , deuxi\u00e8me disciple.<\/span><\/h3>\n<p><img loading=\"lazy\" decoding=\"async\" class=\"size-medium wp-image-626 aligncenter\" src=\"http:\/\/www.snake-style.org\/WP\/wp-content\/uploads\/2023\/02\/orit-callcut-300x225.jpg\" alt=\"\" width=\"300\" height=\"225\" srcset=\"https:\/\/www.snake-style.org\/WP\/wp-content\/uploads\/2023\/02\/orit-callcut-300x225.jpg 300w, https:\/\/www.snake-style.org\/WP\/wp-content\/uploads\/2023\/02\/orit-callcut-768x577.jpg 768w, https:\/\/www.snake-style.org\/WP\/wp-content\/uploads\/2023\/02\/orit-callcut-1024x769.jpg 1024w, https:\/\/www.snake-style.org\/WP\/wp-content\/uploads\/2023\/02\/orit-callcut.jpg 1065w\" sizes=\"auto, (max-width: 300px) 100vw, 300px\" \/><\/p>\n<h3><span style=\"color: #2666a3;\">Marcel Friederichs , troisi\u00e8me disciple.<\/span><\/h3>\n<p><img loading=\"lazy\" decoding=\"async\" class=\"aligncenter wp-image-627\" src=\"http:\/\/www.snake-style.org\/WP\/wp-content\/uploads\/2023\/02\/TeaCeremonyMarcel2-169x300.jpeg\" alt=\"\" width=\"300\" height=\"533\" srcset=\"https:\/\/www.snake-style.org\/WP\/wp-content\/uploads\/2023\/02\/TeaCeremonyMarcel2-169x300.jpeg 169w, https:\/\/www.snake-style.org\/WP\/wp-content\/uploads\/2023\/02\/TeaCeremonyMarcel2.jpeg 540w\" sizes=\"auto, (max-width: 300px) 100vw, 300px\" \/><\/p>\n","protected":false},"excerpt":{"rendered":"<p>Thierry Bae , premier disciple. danseur-chor\u00e9graphe contemporain, reconnu internationalement, est aussi un pratiquant accompli et un enseignant de taiji quan [&hellip;]<\/p>\n","protected":false},"author":1,"featured_media":0,"parent":0,"menu_order":0,"comment_status":"closed","ping_status":"closed","template":"","meta":{"site-sidebar-layout":"default","site-content-layout":"","ast-site-content-layout":"default","site-content-style":"default","site-sidebar-style":"default","ast-global-header-display":"","ast-banner-title-visibility":"","ast-main-header-display":"","ast-hfb-above-header-display":"","ast-hfb-below-header-display":"","ast-hfb-mobile-header-display":"","site-post-title":"","ast-breadcrumbs-content":"","ast-featured-img":"","footer-sml-layout":"","theme-transparent-header-meta":"default","adv-header-id-meta":"","stick-header-meta":"","header-above-stick-meta":"","header-main-stick-meta":"","header-below-stick-meta":"","astra-migrate-meta-layouts":"set","ast-page-background-enabled":"default","ast-page-background-meta":{"desktop":{"background-color":"var(--ast-global-color-5)","background-image":"","background-repeat":"repeat","background-position":"center center","background-size":"auto","background-attachment":"scroll","background-type":"","background-media":"","overlay-type":"","overlay-color":"","overlay-opacity":"","overlay-gradient":""},"tablet":{"background-color":"","background-image":"","background-repeat":"repeat","background-position":"center center","background-size":"auto","background-attachment":"scroll","background-type":"","background-media":"","overlay-type":"","overlay-color":"","overlay-opacity":"","overlay-gradient":""},"mobile":{"background-color":"","background-image":"","background-repeat":"repeat","background-position":"center center","background-size":"auto","background-attachment":"scroll","background-type":"","background-media":"","overlay-type":"","overlay-color":"","overlay-opacity":"","overlay-gradient":""}},"ast-content-background-meta":{"desktop":{"background-color":"var(--ast-global-color-4)","background-image":"","background-repeat":"repeat","background-position":"center center","background-size":"auto","background-attachment":"scroll","background-type":"","background-media":"","overlay-type":"","overlay-color":"","overlay-opacity":"","overlay-gradient":""},"tablet":{"background-color":"var(--ast-global-color-4)","background-image":"","background-repeat":"repeat","background-position":"center center","background-size":"auto","background-attachment":"scroll","background-type":"","background-media":"","overlay-type":"","overlay-color":"","overlay-opacity":"","overlay-gradient":""},"mobile":{"background-color":"var(--ast-global-color-4)","background-image":"","background-repeat":"repeat","background-position":"center center","background-size":"auto","background-attachment":"scroll","background-type":"","background-media":"","overlay-type":"","overlay-color":"","overlay-opacity":"","overlay-gradient":""}},"footnotes":""},"class_list":["post-21","page","type-page","status-publish","hentry"],"_links":{"self":[{"href":"https:\/\/www.snake-style.org\/WP\/wp-json\/wp\/v2\/pages\/21","targetHints":{"allow":["GET"]}}],"collection":[{"href":"https:\/\/www.snake-style.org\/WP\/wp-json\/wp\/v2\/pages"}],"about":[{"href":"https:\/\/www.snake-style.org\/WP\/wp-json\/wp\/v2\/types\/page"}],"author":[{"embeddable":true,"href":"https:\/\/www.snake-style.org\/WP\/wp-json\/wp\/v2\/users\/1"}],"replies":[{"embeddable":true,"href":"https:\/\/www.snake-style.org\/WP\/wp-json\/wp\/v2\/comments?post=21"}],"version-history":[{"count":12,"href":"https:\/\/www.snake-style.org\/WP\/wp-json\/wp\/v2\/pages\/21\/revisions"}],"predecessor-version":[{"id":731,"href":"https:\/\/www.snake-style.org\/WP\/wp-json\/wp\/v2\/pages\/21\/revisions\/731"}],"wp:attachment":[{"href":"https:\/\/www.snake-style.org\/WP\/wp-json\/wp\/v2\/media?parent=21"}],"curies":[{"name":"wp","href":"https:\/\/api.w.org\/{rel}","templated":true}]}}