{"id":175,"date":"2019-03-09T12:12:37","date_gmt":"2019-03-09T11:12:37","guid":{"rendered":"http:\/\/www.snake-style.org\/WP\/?page_id=175"},"modified":"2025-09-27T11:41:31","modified_gmt":"2025-09-27T09:41:31","slug":"disciple-de","status":"publish","type":"page","link":"https:\/\/www.snake-style.org\/WP\/disciple-de\/","title":{"rendered":"Disciple-de"},"content":{"rendered":"<h3><span style=\"color: #2666a3;\">Thierry Ba\u00eb<\/span><\/h3>\n<p>Der international anerkannte zeitgen\u00f6ssische T\u00e4nzer-Choreograf ist seit \u00fcber drei\u00dfig Jahren ein erfahrener Praktizierender und Taiji-Quan-Lehrer.<br \/>\nNach seiner Einf\u00fchrung in Snake Style erkannte er ihn als den urspr\u00fcnglichen Taiji-Quan der Yang-Familie und verpflichtete sich, die vollst\u00e4ndige Methode zu erlernen, wie sie vom Gro\u00dfmeister Ip Tai Tak gelehrt wurde . Aufgrund seiner F\u00e4higkeiten, seiner Pers\u00f6nlichkeit, seiner Integrit\u00e4t und seines Engagements f\u00fcr Snake Style akzeptierte ich ihn im Mai 2011 als ersten Sch\u00fcler<\/p>\n<h3><span style=\"color: #2666a3;\">Zweiter Sch\u00fcler : Orit Callcut<\/span><\/h3>\n<h3><img loading=\"lazy\" decoding=\"async\" class=\"size-medium wp-image-630 aligncenter\" src=\"http:\/\/www.snake-style.org\/WP\/wp-content\/uploads\/2023\/02\/orit-callcut-1-300x225.jpg\" alt=\"\" width=\"300\" height=\"225\" srcset=\"https:\/\/www.snake-style.org\/WP\/wp-content\/uploads\/2023\/02\/orit-callcut-1-300x225.jpg 300w, https:\/\/www.snake-style.org\/WP\/wp-content\/uploads\/2023\/02\/orit-callcut-1-768x577.jpg 768w, https:\/\/www.snake-style.org\/WP\/wp-content\/uploads\/2023\/02\/orit-callcut-1-1024x769.jpg 1024w, https:\/\/www.snake-style.org\/WP\/wp-content\/uploads\/2023\/02\/orit-callcut-1.jpg 1065w\" sizes=\"auto, (max-width: 300px) 100vw, 300px\" \/><\/h3>\n<p>&nbsp;<\/p>\n<h3><span style=\"color: #2666a3;\">Dritter\u00a0 Sch\u00fcler : Marcel Friederiche<\/p>\n<p><\/span><\/h3>\n<p><img loading=\"lazy\" decoding=\"async\" class=\"aligncenter wp-image-631\" src=\"http:\/\/www.snake-style.org\/WP\/wp-content\/uploads\/2023\/02\/TeaCeremonyMarcel2-1-169x300.jpeg\" alt=\"\" width=\"300\" height=\"533\" srcset=\"https:\/\/www.snake-style.org\/WP\/wp-content\/uploads\/2023\/02\/TeaCeremonyMarcel2-1-169x300.jpeg 169w, https:\/\/www.snake-style.org\/WP\/wp-content\/uploads\/2023\/02\/TeaCeremonyMarcel2-1.jpeg 540w\" sizes=\"auto, (max-width: 300px) 100vw, 300px\" \/><\/p>\n<p>&nbsp;<\/p>\n<p>&nbsp;<\/p>\n<p><img loading=\"lazy\" decoding=\"async\" class=\"aligncenter wp-image-188 size-full\" src=\"http:\/\/www.snake-style.org\/WP\/wp-content\/uploads\/2019\/03\/boyd-bae-ceremonie-du-the-2.jpg\" alt=\"\" width=\"600\" height=\"400\" srcset=\"https:\/\/www.snake-style.org\/WP\/wp-content\/uploads\/2019\/03\/boyd-bae-ceremonie-du-the-2.jpg 600w, https:\/\/www.snake-style.org\/WP\/wp-content\/uploads\/2019\/03\/boyd-bae-ceremonie-du-the-2-300x200.jpg 300w\" sizes=\"auto, (max-width: 600px) 100vw, 600px\" \/><\/p>\n<p>&nbsp;<\/p>\n","protected":false},"excerpt":{"rendered":"<p>Thierry Ba\u00eb Der international anerkannte zeitgen\u00f6ssische T\u00e4nzer-Choreograf ist seit \u00fcber drei\u00dfig Jahren ein erfahrener Praktizierender und Taiji-Quan-Lehrer. Nach seiner Einf\u00fchrung [&hellip;]<\/p>\n","protected":false},"author":1,"featured_media":0,"parent":0,"menu_order":0,"comment_status":"closed","ping_status":"closed","template":"","meta":{"site-sidebar-layout":"default","site-content-layout":"","ast-site-content-layout":"default","site-content-style":"default","site-sidebar-style":"default","ast-global-header-display":"","ast-banner-title-visibility":"","ast-main-header-display":"","ast-hfb-above-header-display":"","ast-hfb-below-header-display":"","ast-hfb-mobile-header-display":"","site-post-title":"","ast-breadcrumbs-content":"","ast-featured-img":"","footer-sml-layout":"","theme-transparent-header-meta":"default","adv-header-id-meta":"","stick-header-meta":"","header-above-stick-meta":"","header-main-stick-meta":"","header-below-stick-meta":"","astra-migrate-meta-layouts":"set","ast-page-background-enabled":"default","ast-page-background-meta":{"desktop":{"background-color":"var(--ast-global-color-5)","background-image":"","background-repeat":"repeat","background-position":"center center","background-size":"auto","background-attachment":"scroll","background-type":"","background-media":"","overlay-type":"","overlay-color":"","overlay-opacity":"","overlay-gradient":""},"tablet":{"background-color":"","background-image":"","background-repeat":"repeat","background-position":"center center","background-size":"auto","background-attachment":"scroll","background-type":"","background-media":"","overlay-type":"","overlay-color":"","overlay-opacity":"","overlay-gradient":""},"mobile":{"background-color":"","background-image":"","background-repeat":"repeat","background-position":"center center","background-size":"auto","background-attachment":"scroll","background-type":"","background-media":"","overlay-type":"","overlay-color":"","overlay-opacity":"","overlay-gradient":""}},"ast-content-background-meta":{"desktop":{"background-color":"var(--ast-global-color-4)","background-image":"","background-repeat":"repeat","background-position":"center center","background-size":"auto","background-attachment":"scroll","background-type":"","background-media":"","overlay-type":"","overlay-color":"","overlay-opacity":"","overlay-gradient":""},"tablet":{"background-color":"var(--ast-global-color-4)","background-image":"","background-repeat":"repeat","background-position":"center center","background-size":"auto","background-attachment":"scroll","background-type":"","background-media":"","overlay-type":"","overlay-color":"","overlay-opacity":"","overlay-gradient":""},"mobile":{"background-color":"var(--ast-global-color-4)","background-image":"","background-repeat":"repeat","background-position":"center center","background-size":"auto","background-attachment":"scroll","background-type":"","background-media":"","overlay-type":"","overlay-color":"","overlay-opacity":"","overlay-gradient":""}},"footnotes":""},"class_list":["post-175","page","type-page","status-publish","hentry"],"_links":{"self":[{"href":"https:\/\/www.snake-style.org\/WP\/wp-json\/wp\/v2\/pages\/175","targetHints":{"allow":["GET"]}}],"collection":[{"href":"https:\/\/www.snake-style.org\/WP\/wp-json\/wp\/v2\/pages"}],"about":[{"href":"https:\/\/www.snake-style.org\/WP\/wp-json\/wp\/v2\/types\/page"}],"author":[{"embeddable":true,"href":"https:\/\/www.snake-style.org\/WP\/wp-json\/wp\/v2\/users\/1"}],"replies":[{"embeddable":true,"href":"https:\/\/www.snake-style.org\/WP\/wp-json\/wp\/v2\/comments?post=175"}],"version-history":[{"count":14,"href":"https:\/\/www.snake-style.org\/WP\/wp-json\/wp\/v2\/pages\/175\/revisions"}],"predecessor-version":[{"id":691,"href":"https:\/\/www.snake-style.org\/WP\/wp-json\/wp\/v2\/pages\/175\/revisions\/691"}],"wp:attachment":[{"href":"https:\/\/www.snake-style.org\/WP\/wp-json\/wp\/v2\/media?parent=175"}],"curies":[{"name":"wp","href":"https:\/\/api.w.org\/{rel}","templated":true}]}}