{"id":165,"date":"2019-03-09T11:55:16","date_gmt":"2019-03-09T10:55:16","guid":{"rendered":"http:\/\/www.snake-style.org\/WP\/?page_id=165"},"modified":"2019-03-09T12:18:46","modified_gmt":"2019-03-09T11:18:46","slug":"snake-style-de","status":"publish","type":"page","link":"https:\/\/www.snake-style.org\/WP\/snake-style-de\/","title":{"rendered":"Snake style-de"},"content":{"rendered":"<p>[one_whole boxed=\u00a0\u00bbtrue\u00a0\u00bb]<\/p>\n<p>Der Schlangenstil des Yang-Familien-Tai Chi Chuan ist die k\u00e4mpferischste und exclusivste Art von den drei Yang-Stilrichtungen: Kranich, Tiger und Schlange. Gro\u00dfmeister Yang Sau Chung lernte dieses System von seinem Vater, Yang Chen Fu, und gab es an seinen m\u00e4nnlichen Erben und ersten Disciple, Ip Tai Tak weiter. Meister Ip wiederum lehrte dieses System seinen Disciple, Robert Boyd. Vor seinem Tod gab Meister Ip Mr. Boyd die Erlaubnis, dieses System vorurteilslos all jene zu lehren, die ein tieferes Verst\u00e4ndnis f\u00fcr den k\u00e4mpferischen Aspekt des Yang Tai Chi suchen.<\/p>\n<p>Der Tai Chi- Schlangenstil erfordert ein hohes Ma\u00df an Beweglichkeit in der Wirbels\u00e4ule, den H\u00fcften, den Rippenknorpeln und inneren Muskeln des Zwerchfells, sowie dem oberen Brustkorb und R\u00fccken. Die schlangenartigen Bewegungen des Schlangenstils bewegen den Schwerpunkt, indem sie innerste Muskeln benutzen. Diese innersten Muskeln erm\u00f6glichen eine starke Verwurzelung im Fu\u00df am Ende jeder Position, und leiten kraftvolle Jin &#8211; Energie durch die Wirbels\u00e4ule in die H\u00e4nde. Als Ergebnis dessen entsteht im Laufe der Zeit das legend\u00e4re \u201eEisen in Baumwolle\u201c-Ph\u00e4nomen, durch das Schnelligkeit, Kraft und Sensibilit\u00e4t in H\u00e4nden und Armen entsteht. Dies ist der Schl\u00fcssel dazu, Tai Chi Chuan erfolgreich zur Selbstverteidigung zu benutzen.<\/p>\n<p>Der Schlangenstil besteht aus folgenden Einzelsystemen: snake_birdBig<br \/>\nSchlangenstil Tai Chi Chuan (alte Faustform)<br \/>\nSchlangenstil Schnelle Faustform<br \/>\nZhan Zhong (Pfahlstehen)<br \/>\nPush Hands (schiebende H\u00e4nde)<br \/>\nS\u00e4belform<br \/>\nSchwert<br \/>\nSpeer<\/p>\n<p>Die Feinsinnigkeit des Schlangenstils ist mit blo\u00dfem Auge kaum zu erkennen. Die Positionen der H\u00e4nde sind weniger ausgedehnt als im Tigerstil und bestimmte Handpositionen sind im Gegensatz zu den geradlinigen Positionen des Tigerstils eher winklig. Im Schlangenstil wird das K\u00f6rpergewicht zu 100% auf das zu belastende Bein gebracht, wodurch das substantielle und nicht-substantielle Bein in jedem Stand exakt definiert sind. Der Schlangenstil bietet dem \u00dcbenden ein hohes Potential an gro\u00dfem k\u00e4mpferischen K\u00f6nnen.<\/p>\n<p>Doch dadurch, dass beim \u00dcben des Stils eine flexible Kraft angewandt wird, bei der die Wirbels\u00e4ule und die innersten Muskeln bewegt werden, bietet der Schlangenstil ebenfalls ein kraftvolles \u00dcbungssystem f\u00fcr die Gesundheit und ein langes Leben.<\/p>\n<p>[\/one_whole]<\/p>\n","protected":false},"excerpt":{"rendered":"<p>[one_whole boxed=\u00a0\u00bbtrue\u00a0\u00bb] Der Schlangenstil des Yang-Familien-Tai Chi Chuan ist die k\u00e4mpferischste und exclusivste Art von den drei Yang-Stilrichtungen: Kranich, Tiger [&hellip;]<\/p>\n","protected":false},"author":1,"featured_media":0,"parent":0,"menu_order":0,"comment_status":"closed","ping_status":"closed","template":"","meta":{"site-sidebar-layout":"default","site-content-layout":"","ast-site-content-layout":"default","site-content-style":"default","site-sidebar-style":"default","ast-global-header-display":"","ast-banner-title-visibility":"","ast-main-header-display":"","ast-hfb-above-header-display":"","ast-hfb-below-header-display":"","ast-hfb-mobile-header-display":"","site-post-title":"","ast-breadcrumbs-content":"","ast-featured-img":"","footer-sml-layout":"","theme-transparent-header-meta":"","adv-header-id-meta":"","stick-header-meta":"","header-above-stick-meta":"","header-main-stick-meta":"","header-below-stick-meta":"","astra-migrate-meta-layouts":"default","ast-page-background-enabled":"default","ast-page-background-meta":{"desktop":{"background-color":"var(--ast-global-color-5)","background-image":"","background-repeat":"repeat","background-position":"center center","background-size":"auto","background-attachment":"scroll","background-type":"","background-media":"","overlay-type":"","overlay-color":"","overlay-opacity":"","overlay-gradient":""},"tablet":{"background-color":"","background-image":"","background-repeat":"repeat","background-position":"center center","background-size":"auto","background-attachment":"scroll","background-type":"","background-media":"","overlay-type":"","overlay-color":"","overlay-opacity":"","overlay-gradient":""},"mobile":{"background-color":"","background-image":"","background-repeat":"repeat","background-position":"center center","background-size":"auto","background-attachment":"scroll","background-type":"","background-media":"","overlay-type":"","overlay-color":"","overlay-opacity":"","overlay-gradient":""}},"ast-content-background-meta":{"desktop":{"background-color":"var(--ast-global-color-4)","background-image":"","background-repeat":"repeat","background-position":"center center","background-size":"auto","background-attachment":"scroll","background-type":"","background-media":"","overlay-type":"","overlay-color":"","overlay-opacity":"","overlay-gradient":""},"tablet":{"background-color":"var(--ast-global-color-4)","background-image":"","background-repeat":"repeat","background-position":"center center","background-size":"auto","background-attachment":"scroll","background-type":"","background-media":"","overlay-type":"","overlay-color":"","overlay-opacity":"","overlay-gradient":""},"mobile":{"background-color":"var(--ast-global-color-4)","background-image":"","background-repeat":"repeat","background-position":"center center","background-size":"auto","background-attachment":"scroll","background-type":"","background-media":"","overlay-type":"","overlay-color":"","overlay-opacity":"","overlay-gradient":""}},"footnotes":""},"class_list":["post-165","page","type-page","status-publish","hentry"],"_links":{"self":[{"href":"https:\/\/www.snake-style.org\/WP\/wp-json\/wp\/v2\/pages\/165","targetHints":{"allow":["GET"]}}],"collection":[{"href":"https:\/\/www.snake-style.org\/WP\/wp-json\/wp\/v2\/pages"}],"about":[{"href":"https:\/\/www.snake-style.org\/WP\/wp-json\/wp\/v2\/types\/page"}],"author":[{"embeddable":true,"href":"https:\/\/www.snake-style.org\/WP\/wp-json\/wp\/v2\/users\/1"}],"replies":[{"embeddable":true,"href":"https:\/\/www.snake-style.org\/WP\/wp-json\/wp\/v2\/comments?post=165"}],"version-history":[{"count":3,"href":"https:\/\/www.snake-style.org\/WP\/wp-json\/wp\/v2\/pages\/165\/revisions"}],"predecessor-version":[{"id":177,"href":"https:\/\/www.snake-style.org\/WP\/wp-json\/wp\/v2\/pages\/165\/revisions\/177"}],"wp:attachment":[{"href":"https:\/\/www.snake-style.org\/WP\/wp-json\/wp\/v2\/media?parent=165"}],"curies":[{"name":"wp","href":"https:\/\/api.w.org\/{rel}","templated":true}]}}