{"id":102,"date":"2019-03-07T15:15:28","date_gmt":"2019-03-07T14:15:28","guid":{"rendered":"http:\/\/www.snake-style.org\/WP\/?page_id=102"},"modified":"2025-09-27T20:14:27","modified_gmt":"2025-09-27T18:14:27","slug":"102-2","status":"publish","type":"page","link":"https:\/\/www.snake-style.org\/WP\/102-2\/","title":{"rendered":"Home-de"},"content":{"rendered":"<p><img loading=\"lazy\" decoding=\"async\" class=\"aligncenter wp-image-78 size-large\" src=\"http:\/\/www.snake-style.org\/WP\/wp-content\/uploads\/2019\/03\/entete-issa-2-1024x216.jpg\" alt=\"\" width=\"1024\" height=\"216\" srcset=\"https:\/\/www.snake-style.org\/WP\/wp-content\/uploads\/2019\/03\/entete-issa-2-1024x216.jpg 1024w, https:\/\/www.snake-style.org\/WP\/wp-content\/uploads\/2019\/03\/entete-issa-2-300x63.jpg 300w, https:\/\/www.snake-style.org\/WP\/wp-content\/uploads\/2019\/03\/entete-issa-2-768x162.jpg 768w, https:\/\/www.snake-style.org\/WP\/wp-content\/uploads\/2019\/03\/entete-issa-2.jpg 1069w\" sizes=\"auto, (max-width: 1024px) 100vw, 1024px\" \/><span style=\"color: #2666a3;\">ISSA VORSTELLUNG<\/span><\/p>\n<p>&nbsp;<\/p>\n<p>Die Schlangenstil Variante des taiji quan wurde \u00fcber f\u00fcnf Generationen nur im innersten Kern der Yang Familie gehalten.<br \/>\nIm Jahr 2001 wurde Robert Boyd offiziell in die Ip Familie (f\u00fcnfte Generation der Yang Familie) adoptiert, und begann dieses System zu erlernen. Drei Jahre sp\u00e4ter gab Gro\u00dfmeister Ip Tai Tak Meister Boyd die Erlaubnis, den Schlangenstil \u00f6ffentlich zu unterrichten.<br \/>\nSeitdem ist der Snake Style langsam aber stetig in Europa und Nord Amerika gewachsen. Um einen hohen Standard zu gew\u00e4hrleisten hat Meister Boyd die International Snake Style Association ins Leben gerufen, um alle Schlangenstil Lehrer unter einem Dach zu vereinen.<br \/>\nDie ISSA ist eine Organisation, in der taiji quan Lehrer mit dem gleichen Interesse zusammenkommen. Es gibt keine vertraglichen Verpflichtungen, aber einen Verhaltenscodex, dem die angeschlossenen Lehrer folgen:<\/p>\n<p>1. Der Unterricht wird offen und ohne Geheimnisse gestaltet, mit dem Ziel, eine klare und kreative Lehrumgebung zu schaffen, in der die Grundlagen und Prinzipien des Snake Style vermittelt werden k\u00f6nnen.<br \/>\n2. Die Lehrer f\u00fchren ihre Kenntnisse und Fertigkeiten offen vor, damit die Sch\u00fcler eine optische Unterst\u00fctzung f\u00fcr die gelehrte Theorie und die Prinzipien bekommen<br \/>\n3. Die Lehrer bieten den taiji quan Unterricht f\u00fcr die Sch\u00fcler unabh\u00e4ngig von deren Vorkenntnissen an.<br \/>\n4. Die Lehrer behandeln ihre Sch\u00fcler mit Respekt und Mitgef\u00fchl und achten auf ihr Wohlergehen.<br \/>\n5. Die Lehrer beachten, dass sie ihrerseits zuerst auch immer Sch\u00fcler sind und erst in zweiter Linie Lehrer. Sie verpflichten sich, ihre eigenen F\u00e4higkeiten im Snake Style stetig zu erweitern und zu vertiefen<br \/>\n6. Die Lehrer machen Werbung f\u00fcr die zweimal j\u00e4hrlich stattfindenden Seminare des Bao Tak Fai Tai Chi Instituts als M\u00f6glichkeit f\u00fcr die Sch\u00fcler, ihre Snake Style Fertigkeiten zu erweitern und als Gemeinschaft mit den anderen ISSA Mitgliedern zusammen zu wachsen.<br \/>\n7. Zuwiderhandlungen gegen diese Regeln k\u00f6nnen zum Ausschluss aus der ISSA f\u00fchren.<\/p>\n<p><img loading=\"lazy\" decoding=\"async\" class=\"aligncenter wp-image-353 size-large\" src=\"http:\/\/www.snake-style.org\/WP\/wp-content\/uploads\/2019\/03\/profs-europe-2018-s-1-1024x594.jpg\" alt=\"\" width=\"1024\" height=\"594\" srcset=\"https:\/\/www.snake-style.org\/WP\/wp-content\/uploads\/2019\/03\/profs-europe-2018-s-1-1024x594.jpg 1024w, https:\/\/www.snake-style.org\/WP\/wp-content\/uploads\/2019\/03\/profs-europe-2018-s-1-300x174.jpg 300w, https:\/\/www.snake-style.org\/WP\/wp-content\/uploads\/2019\/03\/profs-europe-2018-s-1-768x445.jpg 768w, https:\/\/www.snake-style.org\/WP\/wp-content\/uploads\/2019\/03\/profs-europe-2018-s-1.jpg 1500w\" sizes=\"auto, (max-width: 1024px) 100vw, 1024px\" \/><\/p>\n<p>[\/two_thirds]<\/p>\n<p>[one_third_last boxed=\u00a0\u00bbtrue\u00a0\u00bb centered_text=\u00a0\u00bbtrue\u00a0\u00bb]<\/p>\n<h3>Seminar 2023<br \/>\nMonday October 30 to Friday November 3<\/h3>\n<p>residential at Site de la Chapelle, Ch\u00e2teauneuf de Gadagne, near Avignon FRANCE<\/p>\n<h6><\/h6>\n<p>&nbsp;<\/p>\n<p style=\"text-align: center;\"><a href=\"http:\/\/hua-bae.fr\/avec-bob-boyd\/\" target=\"_blank\" rel=\"noopener noreferrer\"><img loading=\"lazy\" decoding=\"async\" class=\"aligncenter wp-image-334 size-full\" src=\"http:\/\/www.snake-style.org\/WP\/wp-content\/uploads\/2019\/03\/Bob-boyd-Thierry-Bae.jpg\" alt=\"\" width=\"225\" height=\"225\" srcset=\"https:\/\/www.snake-style.org\/WP\/wp-content\/uploads\/2019\/03\/Bob-boyd-Thierry-Bae.jpg 225w, https:\/\/www.snake-style.org\/WP\/wp-content\/uploads\/2019\/03\/Bob-boyd-Thierry-Bae-150x150.jpg 150w, https:\/\/www.snake-style.org\/WP\/wp-content\/uploads\/2019\/03\/Bob-boyd-Thierry-Bae-50x50.jpg 50w, https:\/\/www.snake-style.org\/WP\/wp-content\/uploads\/2019\/03\/Bob-boyd-Thierry-Bae-100x100.jpg 100w\" sizes=\"auto, (max-width: 225px) 100vw, 225px\" \/><\/a><\/p>\n<p>Preis und Bestellung zu sehen.<\/p>\n<p>&nbsp;<\/p>\n<p style=\"text-align: center;\"><a href=\"https:\/\/www.amazon.com\/dp\/1795513934?ref_=pe_3052080_397514860\"><img loading=\"lazy\" decoding=\"async\" class=\"alignnone\" src=\"http:\/\/www.snake-style.org\/WP\/wp-content\/uploads\/2019\/05\/yang-family-13-principles-1-200x300.jpg\" alt=\"\" width=\"200\" height=\"300\" \/><\/a><\/p>\n<p style=\"text-align: center;\"><span style=\"font-size: 8pt;\">Klicken Sie auf das Buch, um zu bestellen<\/span><\/p>\n<p style=\"text-align: center;\">Das Buch ist hier auch in Deutsch erh\u00e4ltlich !<\/p>\n<h5 style=\"text-align: center;\"><a href=\"https:\/\/www.amazon.de\/dp\/150300449X\/ref=rdr_ext_tmb\"><img loading=\"lazy\" decoding=\"async\" class=\"alignnone wp-image-488 size-medium\" src=\"http:\/\/www.snake-style.org\/WP\/wp-content\/uploads\/2019\/03\/slangenstil-199x300.jpg\" alt=\"\" width=\"199\" height=\"300\" srcset=\"https:\/\/www.snake-style.org\/WP\/wp-content\/uploads\/2019\/03\/slangenstil-199x300.jpg 199w, https:\/\/www.snake-style.org\/WP\/wp-content\/uploads\/2019\/03\/slangenstil.jpg 337w\" sizes=\"auto, (max-width: 199px) 100vw, 199px\" \/><\/a><\/h5>\n<p style=\"text-align: center;\">Klicken Sie auf das Buch, um zu bestellen<\/p>\n<div class=\"wp-playlist wp-video-playlist wp-playlist-light\">\n\t\t<video controls=\"controls\" preload=\"none\" width=\"640\"\n\t\t height=\"480\"\t><\/video>\n\t<div class=\"wp-playlist-next\"><\/div>\n\t<div class=\"wp-playlist-prev\"><\/div>\n\t<noscript>\n\t<ol>\n\t\t<li><a href='https:\/\/www.snake-style.org\/WP\/wp-content\/uploads\/2019\/03\/Ip-tai-taf-form.mp4'>Ip Tai Tak form<\/a><\/li>\t<\/ol>\n\t<\/noscript>\n\t<script type=\"application\/json\" class=\"wp-playlist-script\">{\"type\":\"video\",\"tracklist\":true,\"tracknumbers\":true,\"images\":true,\"artists\":true,\"tracks\":[{\"src\":\"https:\/\/www.snake-style.org\/WP\/wp-content\/uploads\/2019\/03\/Ip-tai-taf-form.mp4\",\"type\":\"video\/mp4\",\"title\":\"Ip Tai Tak form\",\"caption\":\"\",\"description\":\"\",\"meta\":{\"length_formatted\":\"1:32\"},\"dimensions\":{\"original\":{\"width\":960,\"height\":720},\"resized\":{\"width\":640,\"height\":480}},\"image\":{\"src\":\"https:\/\/www.snake-style.org\/WP\/wp-includes\/images\/media\/video.svg\",\"width\":48,\"height\":64},\"thumb\":{\"src\":\"https:\/\/www.snake-style.org\/WP\/wp-includes\/images\/media\/video.svg\",\"width\":48,\"height\":64}}]}<\/script>\n<\/div>\n\t\n<p style=\"text-align: center;\">Mtr IP TAI TAK<\/p>\n","protected":false},"excerpt":{"rendered":"<p>ISSA VORSTELLUNG &nbsp; Die Schlangenstil Variante des taiji quan wurde \u00fcber f\u00fcnf Generationen nur im innersten Kern der Yang Familie [&hellip;]<\/p>\n","protected":false},"author":1,"featured_media":0,"parent":0,"menu_order":0,"comment_status":"closed","ping_status":"closed","template":"","meta":{"site-sidebar-layout":"default","site-content-layout":"","ast-site-content-layout":"default","site-content-style":"default","site-sidebar-style":"default","ast-global-header-display":"","ast-banner-title-visibility":"","ast-main-header-display":"","ast-hfb-above-header-display":"","ast-hfb-below-header-display":"","ast-hfb-mobile-header-display":"","site-post-title":"","ast-breadcrumbs-content":"","ast-featured-img":"","footer-sml-layout":"","theme-transparent-header-meta":"default","adv-header-id-meta":"","stick-header-meta":"","header-above-stick-meta":"","header-main-stick-meta":"","header-below-stick-meta":"","astra-migrate-meta-layouts":"set","ast-page-background-enabled":"default","ast-page-background-meta":{"desktop":{"background-color":"var(--ast-global-color-5)","background-image":"","background-repeat":"repeat","background-position":"center center","background-size":"auto","background-attachment":"scroll","background-type":"","background-media":"","overlay-type":"","overlay-color":"","overlay-opacity":"","overlay-gradient":""},"tablet":{"background-color":"","background-image":"","background-repeat":"repeat","background-position":"center center","background-size":"auto","background-attachment":"scroll","background-type":"","background-media":"","overlay-type":"","overlay-color":"","overlay-opacity":"","overlay-gradient":""},"mobile":{"background-color":"","background-image":"","background-repeat":"repeat","background-position":"center center","background-size":"auto","background-attachment":"scroll","background-type":"","background-media":"","overlay-type":"","overlay-color":"","overlay-opacity":"","overlay-gradient":""}},"ast-content-background-meta":{"desktop":{"background-color":"var(--ast-global-color-4)","background-image":"","background-repeat":"repeat","background-position":"center center","background-size":"auto","background-attachment":"scroll","background-type":"","background-media":"","overlay-type":"","overlay-color":"","overlay-opacity":"","overlay-gradient":""},"tablet":{"background-color":"var(--ast-global-color-4)","background-image":"","background-repeat":"repeat","background-position":"center center","background-size":"auto","background-attachment":"scroll","background-type":"","background-media":"","overlay-type":"","overlay-color":"","overlay-opacity":"","overlay-gradient":""},"mobile":{"background-color":"var(--ast-global-color-4)","background-image":"","background-repeat":"repeat","background-position":"center center","background-size":"auto","background-attachment":"scroll","background-type":"","background-media":"","overlay-type":"","overlay-color":"","overlay-opacity":"","overlay-gradient":""}},"footnotes":""},"class_list":["post-102","page","type-page","status-publish","hentry"],"_links":{"self":[{"href":"https:\/\/www.snake-style.org\/WP\/wp-json\/wp\/v2\/pages\/102","targetHints":{"allow":["GET"]}}],"collection":[{"href":"https:\/\/www.snake-style.org\/WP\/wp-json\/wp\/v2\/pages"}],"about":[{"href":"https:\/\/www.snake-style.org\/WP\/wp-json\/wp\/v2\/types\/page"}],"author":[{"embeddable":true,"href":"https:\/\/www.snake-style.org\/WP\/wp-json\/wp\/v2\/users\/1"}],"replies":[{"embeddable":true,"href":"https:\/\/www.snake-style.org\/WP\/wp-json\/wp\/v2\/comments?post=102"}],"version-history":[{"count":31,"href":"https:\/\/www.snake-style.org\/WP\/wp-json\/wp\/v2\/pages\/102\/revisions"}],"predecessor-version":[{"id":725,"href":"https:\/\/www.snake-style.org\/WP\/wp-json\/wp\/v2\/pages\/102\/revisions\/725"}],"wp:attachment":[{"href":"https:\/\/www.snake-style.org\/WP\/wp-json\/wp\/v2\/media?parent=102"}],"curies":[{"name":"wp","href":"https:\/\/api.w.org\/{rel}","templated":true}]}}